{"id":870,"date":"2025-02-01T11:32:50","date_gmt":"2025-02-01T11:32:50","guid":{"rendered":"https:\/\/potocek.eu\/?page_id=870"},"modified":"2025-02-01T12:01:21","modified_gmt":"2025-02-01T12:01:21","slug":"elementor-870","status":"publish","type":"page","link":"https:\/\/potocek.eu\/en\/elementor-870\/","title":{"rendered":"P\u0159\u00edb\u011bhy"},"content":{"rendered":"<div data-elementor-type=\"wp-page\" data-elementor-id=\"870\" class=\"elementor elementor-870\">\n\t\t\t\t\t\t<section class=\"elementor-section elementor-top-section elementor-element elementor-element-3f861a1 elementor-section-stretched elementor-section-boxed elementor-section-height-default elementor-section-height-default\" data-id=\"3f861a1\" data-element_type=\"section\" data-settings=\"{&quot;stretch_section&quot;:&quot;section-stretched&quot;,&quot;background_background&quot;:&quot;classic&quot;}\">\n\t\t\t\t\t\t<div class=\"elementor-container elementor-column-gap-default\">\n\t\t\t\t\t<div class=\"elementor-column elementor-col-100 elementor-top-column elementor-element elementor-element-27da13f\" data-id=\"27da13f\" data-element_type=\"column\">\n\t\t\t<div class=\"elementor-widget-wrap elementor-element-populated\">\n\t\t\t\t\t\t<div class=\"elementor-element elementor-element-a8fd185 elementor-widget elementor-widget-heading\" data-id=\"a8fd185\" data-element_type=\"widget\" data-widget_type=\"heading.default\">\n\t\t\t\t<div class=\"elementor-widget-container\">\n\t\t\t\t\t<h1 class=\"elementor-heading-title elementor-size-default\">Travels in Digital Landscape<\/h1>\t\t\t\t<\/div>\n\t\t\t\t<\/div>\n\t\t\t\t<div class=\"elementor-element elementor-element-45b70ec elementor-widget elementor-widget-text-editor\" data-id=\"45b70ec\" data-element_type=\"widget\" data-widget_type=\"text-editor.default\">\n\t\t\t\t<div class=\"elementor-widget-container\">\n\t\t\t\t\t\t\t\t\t<h2 style=\"text-align: right;\">P\u0159\u00edb\u011bhy<\/h2>\t\t\t\t\t\t\t\t<\/div>\n\t\t\t\t<\/div>\n\t\t\t\t\t<\/div>\n\t\t<\/div>\n\t\t\t\t\t<\/div>\n\t\t<\/section>\n\t\t\t\t<section class=\"elementor-section elementor-top-section elementor-element elementor-element-2595ff3 elementor-section-boxed elementor-section-height-default elementor-section-height-default\" data-id=\"2595ff3\" data-element_type=\"section\">\n\t\t\t\t\t\t<div class=\"elementor-container elementor-column-gap-default\">\n\t\t\t\t\t<div class=\"elementor-column elementor-col-100 elementor-top-column elementor-element elementor-element-ab86eaa\" data-id=\"ab86eaa\" data-element_type=\"column\">\n\t\t\t<div class=\"elementor-widget-wrap elementor-element-populated\">\n\t\t\t\t\t\t<div class=\"elementor-element elementor-element-1f75a5d elementor-widget elementor-widget-wp-widget-recent-posts\" data-id=\"1f75a5d\" data-element_type=\"widget\" data-widget_type=\"wp-widget-recent-posts.default\">\n\t\t\t\t<div class=\"elementor-widget-container\">\n\t\t\t\t\t\n\t\t\n\t\t<h5>P\u0159\u00edb\u011bhy<\/h5>\n\t\t<ul>\n\t\t\t\t\t\t\t\t\t\t\t<li>\n\t\t\t\t\t<a href=\"https:\/\/potocek.eu\/en\/pribehy\/kocicka-a-jablicko\/\">Ko\u010di\u010dka a jabl\u00ed\u010dko<\/a>\n\t\t\t\t\t\t\t\t\t<\/li>\n\t\t\t\t\t\t\t\t\t\t\t<li>\n\t\t\t\t\t<a href=\"https:\/\/potocek.eu\/en\/pribehy\/kouzelne-klubicko\/\">Kouzeln\u00e9 klub\u00ed\u010dko<\/a>\n\t\t\t\t\t\t\t\t\t<\/li>\n\t\t\t\t\t\t\t\t\t\t\t<li>\n\t\t\t\t\t<a href=\"https:\/\/potocek.eu\/en\/pribehy\/sonet-atomova-duse\/\">Sonet Atomov\u00e1 du\u0161e<\/a>\n\t\t\t\t\t\t\t\t\t<\/li>\n\t\t\t\t\t\t\t\t\t\t\t<li>\n\t\t\t\t\t<a href=\"https:\/\/potocek.eu\/en\/pribehy\/tajemna-dama-v-mlze\/\">Tajemn\u00e1 d\u00e1ma v mlze<\/a>\n\t\t\t\t\t\t\t\t\t<\/li>\n\t\t\t\t\t\t\t\t\t\t\t<li>\n\t\t\t\t\t<a href=\"https:\/\/potocek.eu\/en\/pribehy\/vitr-vzpominek\/\">V\u00edtr vzpom\u00ednek<\/a>\n\t\t\t\t\t\t\t\t\t<\/li>\n\t\t\t\t\t\t\t\t\t\t\t<li>\n\t\t\t\t\t<a href=\"https:\/\/potocek.eu\/en\/pribehy\/extaze-duse\/\">Ext\u00e1ze du\u0161e<\/a>\n\t\t\t\t\t\t\t\t\t<\/li>\n\t\t\t\t\t<\/ul>\n\n\t\t\t\t\t\t<\/div>\n\t\t\t\t<\/div>\n\t\t\t\t\t<\/div>\n\t\t<\/div>\n\t\t\t\t\t<\/div>\n\t\t<\/section>\n\t\t\t\t<\/div>","protected":false},"excerpt":{"rendered":"<p>Toulky digit\u00e1ln\u00ed krajinou P\u0159\u00edb\u011bhy<\/p>","protected":false},"author":1,"featured_media":0,"parent":0,"menu_order":0,"comment_status":"closed","ping_status":"closed","template":"elementor_canvas","meta":{"pgc_sgb_lightbox_settings":"","footnotes":""},"yoast_head":"<!-- This site is optimized with the Yoast SEO plugin v21.5 - https:\/\/yoast.com\/wordpress\/plugins\/seo\/ -->\n<title>P\u0159\u00edb\u011bhy - Toulky digit\u00e1ln\u00ed krajinou<\/title>\n<meta name=\"robots\" content=\"index, follow, max-snippet:-1, max-image-preview:large, max-video-preview:-1\" \/>\n<link rel=\"canonical\" href=\"https:\/\/potocek.eu\/en\/elementor-870\/\" \/>\n<meta property=\"og:locale\" content=\"en_US\" \/>\n<meta property=\"og:type\" content=\"article\" \/>\n<meta property=\"og:title\" content=\"P\u0159\u00edb\u011bhy - Toulky digit\u00e1ln\u00ed krajinou\" \/>\n<meta property=\"og:description\" content=\"Toulky digit\u00e1ln\u00ed krajinou P\u0159\u00edb\u011bhy\" \/>\n<meta property=\"og:url\" content=\"https:\/\/potocek.eu\/en\/elementor-870\/\" \/>\n<meta property=\"og:site_name\" content=\"Toulky digit\u00e1ln\u00ed krajinou\" \/>\n<meta property=\"article:modified_time\" content=\"2025-02-01T12:01:21+00:00\" \/>\n<meta name=\"twitter:card\" content=\"summary_large_image\" \/>\n<meta name=\"twitter:label1\" content=\"Est. reading time\" \/>\n\t<meta name=\"twitter:data1\" content=\"1 minute\" \/>\n<script type=\"application\/ld+json\" class=\"yoast-schema-graph\">{\"@context\":\"https:\/\/schema.org\",\"@graph\":[{\"@type\":\"WebPage\",\"@id\":\"https:\/\/potocek.eu\/elementor-870\/\",\"url\":\"https:\/\/potocek.eu\/elementor-870\/\",\"name\":\"P\u0159\u00edb\u011bhy - Toulky digit\u00e1ln\u00ed krajinou\",\"isPartOf\":{\"@id\":\"https:\/\/potocek.eu\/#website\"},\"datePublished\":\"2025-02-01T11:32:50+00:00\",\"dateModified\":\"2025-02-01T12:01:21+00:00\",\"breadcrumb\":{\"@id\":\"https:\/\/potocek.eu\/elementor-870\/#breadcrumb\"},\"inLanguage\":\"en-US\",\"potentialAction\":[{\"@type\":\"ReadAction\",\"target\":[\"https:\/\/potocek.eu\/elementor-870\/\"]}]},{\"@type\":\"BreadcrumbList\",\"@id\":\"https:\/\/potocek.eu\/elementor-870\/#breadcrumb\",\"itemListElement\":[{\"@type\":\"ListItem\",\"position\":1,\"name\":\"Dom\u016f\",\"item\":\"https:\/\/potocek.eu\/\"},{\"@type\":\"ListItem\",\"position\":2,\"name\":\"P\u0159\u00edb\u011bhy\"}]},{\"@type\":\"WebSite\",\"@id\":\"https:\/\/potocek.eu\/#website\",\"url\":\"https:\/\/potocek.eu\/\",\"name\":\"Toulky digit\u00e1ln\u00ed krajinou\",\"description\":\"Obrazy vytv\u00e1\u0159en\u00e9 digit\u00e1ln\u00edmi technologiemi.\",\"potentialAction\":[{\"@type\":\"SearchAction\",\"target\":{\"@type\":\"EntryPoint\",\"urlTemplate\":\"https:\/\/potocek.eu\/?s={search_term_string}\"},\"query-input\":\"required name=search_term_string\"}],\"inLanguage\":\"en-US\"}]}<\/script>\n<!-- \/ Yoast SEO plugin. -->","yoast_head_json":{"title":"P\u0159\u00edb\u011bhy - Toulky digit\u00e1ln\u00ed krajinou","robots":{"index":"index","follow":"follow","max-snippet":"max-snippet:-1","max-image-preview":"max-image-preview:large","max-video-preview":"max-video-preview:-1"},"canonical":"https:\/\/potocek.eu\/en\/elementor-870\/","og_locale":"en_US","og_type":"article","og_title":"P\u0159\u00edb\u011bhy - Toulky digit\u00e1ln\u00ed krajinou","og_description":"Toulky digit\u00e1ln\u00ed krajinou P\u0159\u00edb\u011bhy","og_url":"https:\/\/potocek.eu\/en\/elementor-870\/","og_site_name":"Toulky digit\u00e1ln\u00ed krajinou","article_modified_time":"2025-02-01T12:01:21+00:00","twitter_card":"summary_large_image","twitter_misc":{"Est. reading time":"1 minute"},"schema":{"@context":"https:\/\/schema.org","@graph":[{"@type":"WebPage","@id":"https:\/\/potocek.eu\/elementor-870\/","url":"https:\/\/potocek.eu\/elementor-870\/","name":"P\u0159\u00edb\u011bhy - Toulky digit\u00e1ln\u00ed krajinou","isPartOf":{"@id":"https:\/\/potocek.eu\/#website"},"datePublished":"2025-02-01T11:32:50+00:00","dateModified":"2025-02-01T12:01:21+00:00","breadcrumb":{"@id":"https:\/\/potocek.eu\/elementor-870\/#breadcrumb"},"inLanguage":"en-US","potentialAction":[{"@type":"ReadAction","target":["https:\/\/potocek.eu\/elementor-870\/"]}]},{"@type":"BreadcrumbList","@id":"https:\/\/potocek.eu\/elementor-870\/#breadcrumb","itemListElement":[{"@type":"ListItem","position":1,"name":"Dom\u016f","item":"https:\/\/potocek.eu\/"},{"@type":"ListItem","position":2,"name":"P\u0159\u00edb\u011bhy"}]},{"@type":"WebSite","@id":"https:\/\/potocek.eu\/#website","url":"https:\/\/potocek.eu\/","name":"Toulky digit\u00e1ln\u00ed krajinou","description":"Obrazy vytv\u00e1\u0159en\u00e9 digit\u00e1ln\u00edmi technologiemi.","potentialAction":[{"@type":"SearchAction","target":{"@type":"EntryPoint","urlTemplate":"https:\/\/potocek.eu\/?s={search_term_string}"},"query-input":"required name=search_term_string"}],"inLanguage":"en-US"}]}},"_links":{"self":[{"href":"https:\/\/potocek.eu\/en\/wp-json\/wp\/v2\/pages\/870"}],"collection":[{"href":"https:\/\/potocek.eu\/en\/wp-json\/wp\/v2\/pages"}],"about":[{"href":"https:\/\/potocek.eu\/en\/wp-json\/wp\/v2\/types\/page"}],"author":[{"embeddable":true,"href":"https:\/\/potocek.eu\/en\/wp-json\/wp\/v2\/users\/1"}],"replies":[{"embeddable":true,"href":"https:\/\/potocek.eu\/en\/wp-json\/wp\/v2\/comments?post=870"}],"version-history":[{"count":8,"href":"https:\/\/potocek.eu\/en\/wp-json\/wp\/v2\/pages\/870\/revisions"}],"predecessor-version":[{"id":885,"href":"https:\/\/potocek.eu\/en\/wp-json\/wp\/v2\/pages\/870\/revisions\/885"}],"wp:attachment":[{"href":"https:\/\/potocek.eu\/en\/wp-json\/wp\/v2\/media?parent=870"}],"curies":[{"name":"wp","href":"https:\/\/api.w.org\/{rel}","templated":true}]}}